{"id":67,"date":"2024-02-01T15:00:39","date_gmt":"2024-02-01T14:00:39","guid":{"rendered":"https:\/\/hilios-capital.com\/?page_id=67"},"modified":"2024-02-01T16:01:58","modified_gmt":"2024-02-01T15:01:58","slug":"qui-sommes-nous","status":"publish","type":"page","link":"https:\/\/hilios-capital.com\/index.php\/qui-sommes-nous\/","title":{"rendered":"Qui sommes nous ?"},"content":{"rendered":"\n<p>Bas\u00e9e \u00e0 Dublin, Hilios Capital se distingue par son expertise sp\u00e9cialis\u00e9e au service des entreprises en qu\u00eate d&rsquo;impact investing \u00e0 l&rsquo;\u00e9chelle internationale. Nous sommes fiers d&rsquo;offrir \u00e0 nos clients des services personnalis\u00e9s et professionnels, soutenus par notre vaste r\u00e9seau \u00e9prouv\u00e9 et notre processus rigoureux de s\u00e9lection des partenariats d&rsquo;affaires.<\/p>\n\n\n\n<p>Notre engagement prioritaire r\u00e9side dans la s\u00e9curit\u00e9 et la discr\u00e9tion totale pour nos clients. En tant que sp\u00e9cialistes en expertise et apporteurs d&rsquo;affaires, nous nous effor\u00e7ons de garantir la satisfaction de nos clients. Pour assurer la transparence et la fiabilit\u00e9 de nos transactions, nous collaborons \u00e9troitement avec des partenaires commerciaux et juridiques externes.<\/p>\n\n\n\n<p>Chaque dossier que nous traitons est abord\u00e9 avec la plus grande sensibilit\u00e9, et nous nous engageons \u00e0 concr\u00e9tiser les projets de nos clients. Si vous recherchez une consultation confidentielle pour vos projets, n&rsquo;h\u00e9sitez pas \u00e0 nous contacter directement.<\/p>\n\n\n\n<p>Faites confiance \u00e0 Hilios Capital pour des transactions r\u00e9ussies et s\u00e9curis\u00e9es, soutenues par notre expertise in\u00e9gal\u00e9e dans le domaine de l&rsquo;impact investing.<\/p>\n","protected":false},"excerpt":{"rendered":"<p>Bas\u00e9e \u00e0 Dublin, Hilios Capital se distingue par son expertise sp\u00e9cialis\u00e9e au service des entreprises en qu\u00eate d&rsquo;impact investing \u00e0 l&rsquo;\u00e9chelle internationale. Nous sommes fiers d&rsquo;offrir \u00e0 nos clients des services personnalis\u00e9s et professionnels, soutenus par notre vaste r\u00e9seau \u00e9prouv\u00e9 et notre processus rigoureux de s\u00e9lection des partenariats d&rsquo;affaires. Notre engagement prioritaire r\u00e9side dans la [&hellip;]<\/p>\n","protected":false},"author":1,"featured_media":103,"parent":0,"menu_order":0,"comment_status":"closed","ping_status":"closed","template":"","meta":{"footnotes":""},"class_list":["post-67","page","type-page","status-publish","has-post-thumbnail","hentry"],"yoast_head":"<!-- This site is optimized with the Yoast SEO plugin v27.4 - https:\/\/yoast.com\/product\/yoast-seo-wordpress\/ -->\n<title>Qui sommes nous ? - Hilios Capital<\/title>\n<meta name=\"robots\" content=\"index, follow, max-snippet:-1, max-image-preview:large, max-video-preview:-1\" \/>\n<link rel=\"canonical\" href=\"https:\/\/hilios-capital.com\/index.php\/qui-sommes-nous\/\" \/>\n<meta property=\"og:locale\" content=\"fr_FR\" \/>\n<meta property=\"og:type\" content=\"article\" \/>\n<meta property=\"og:title\" content=\"Qui sommes nous ? - Hilios Capital\" \/>\n<meta property=\"og:description\" content=\"Bas\u00e9e \u00e0 Dublin, Hilios Capital se distingue par son expertise sp\u00e9cialis\u00e9e au service des entreprises en qu\u00eate d&rsquo;impact investing \u00e0 l&rsquo;\u00e9chelle internationale. Nous sommes fiers d&rsquo;offrir \u00e0 nos clients des services personnalis\u00e9s et professionnels, soutenus par notre vaste r\u00e9seau \u00e9prouv\u00e9 et notre processus rigoureux de s\u00e9lection des partenariats d&rsquo;affaires. Notre engagement prioritaire r\u00e9side dans la [&hellip;]\" \/>\n<meta property=\"og:url\" content=\"https:\/\/hilios-capital.com\/index.php\/qui-sommes-nous\/\" \/>\n<meta property=\"og:site_name\" content=\"Hilios Capital\" \/>\n<meta property=\"article:modified_time\" content=\"2024-02-01T15:01:58+00:00\" \/>\n<meta property=\"og:image\" content=\"http:\/\/hilios-capital.com\/wp-content\/uploads\/2024\/02\/qui-sommes-nous-Hilios-scaled.jpg\" \/>\n\t<meta property=\"og:image:width\" content=\"2560\" \/>\n\t<meta property=\"og:image:height\" content=\"2350\" \/>\n\t<meta property=\"og:image:type\" content=\"image\/jpeg\" \/>\n<meta name=\"twitter:card\" content=\"summary_large_image\" \/>\n<meta name=\"twitter:label1\" content=\"Dur\u00e9e de lecture estim\u00e9e\" \/>\n\t<meta name=\"twitter:data1\" content=\"2 minutes\" \/>\n<script type=\"application\/ld+json\" class=\"yoast-schema-graph\">{\"@context\":\"https:\\\/\\\/schema.org\",\"@graph\":[{\"@type\":\"WebPage\",\"@id\":\"https:\\\/\\\/hilios-capital.com\\\/index.php\\\/qui-sommes-nous\\\/\",\"url\":\"https:\\\/\\\/hilios-capital.com\\\/index.php\\\/qui-sommes-nous\\\/\",\"name\":\"Qui sommes nous ? - Hilios Capital\",\"isPartOf\":{\"@id\":\"https:\\\/\\\/hilios-capital.com\\\/#website\"},\"primaryImageOfPage\":{\"@id\":\"https:\\\/\\\/hilios-capital.com\\\/index.php\\\/qui-sommes-nous\\\/#primaryimage\"},\"image\":{\"@id\":\"https:\\\/\\\/hilios-capital.com\\\/index.php\\\/qui-sommes-nous\\\/#primaryimage\"},\"thumbnailUrl\":\"https:\\\/\\\/hilios-capital.com\\\/wp-content\\\/uploads\\\/2024\\\/02\\\/qui-sommes-nous-Hilios-scaled.jpg\",\"datePublished\":\"2024-02-01T14:00:39+00:00\",\"dateModified\":\"2024-02-01T15:01:58+00:00\",\"breadcrumb\":{\"@id\":\"https:\\\/\\\/hilios-capital.com\\\/index.php\\\/qui-sommes-nous\\\/#breadcrumb\"},\"inLanguage\":\"fr-FR\",\"potentialAction\":[{\"@type\":\"ReadAction\",\"target\":[\"https:\\\/\\\/hilios-capital.com\\\/index.php\\\/qui-sommes-nous\\\/\"]}]},{\"@type\":\"ImageObject\",\"inLanguage\":\"fr-FR\",\"@id\":\"https:\\\/\\\/hilios-capital.com\\\/index.php\\\/qui-sommes-nous\\\/#primaryimage\",\"url\":\"https:\\\/\\\/hilios-capital.com\\\/wp-content\\\/uploads\\\/2024\\\/02\\\/qui-sommes-nous-Hilios-scaled.jpg\",\"contentUrl\":\"https:\\\/\\\/hilios-capital.com\\\/wp-content\\\/uploads\\\/2024\\\/02\\\/qui-sommes-nous-Hilios-scaled.jpg\",\"width\":2560,\"height\":2350},{\"@type\":\"BreadcrumbList\",\"@id\":\"https:\\\/\\\/hilios-capital.com\\\/index.php\\\/qui-sommes-nous\\\/#breadcrumb\",\"itemListElement\":[{\"@type\":\"ListItem\",\"position\":1,\"name\":\"Accueil\",\"item\":\"https:\\\/\\\/hilios-capital.com\\\/\"},{\"@type\":\"ListItem\",\"position\":2,\"name\":\"Qui sommes nous ?\"}]},{\"@type\":\"WebSite\",\"@id\":\"https:\\\/\\\/hilios-capital.com\\\/#website\",\"url\":\"https:\\\/\\\/hilios-capital.com\\\/\",\"name\":\"Hilios Capital\",\"description\":\"We help you because no one else will\",\"publisher\":{\"@id\":\"https:\\\/\\\/hilios-capital.com\\\/#organization\"},\"potentialAction\":[{\"@type\":\"SearchAction\",\"target\":{\"@type\":\"EntryPoint\",\"urlTemplate\":\"https:\\\/\\\/hilios-capital.com\\\/?s={search_term_string}\"},\"query-input\":{\"@type\":\"PropertyValueSpecification\",\"valueRequired\":true,\"valueName\":\"search_term_string\"}}],\"inLanguage\":\"fr-FR\"},{\"@type\":\"Organization\",\"@id\":\"https:\\\/\\\/hilios-capital.com\\\/#organization\",\"name\":\"Hilios Capital\",\"url\":\"https:\\\/\\\/hilios-capital.com\\\/\",\"logo\":{\"@type\":\"ImageObject\",\"inLanguage\":\"fr-FR\",\"@id\":\"https:\\\/\\\/hilios-capital.com\\\/#\\\/schema\\\/logo\\\/image\\\/\",\"url\":\"https:\\\/\\\/hilios-capital.com\\\/wp-content\\\/uploads\\\/2024\\\/02\\\/cropped-Capture_d_ecran_2024-02-05_a_16.47.34-removebg-preview-1.png\",\"contentUrl\":\"https:\\\/\\\/hilios-capital.com\\\/wp-content\\\/uploads\\\/2024\\\/02\\\/cropped-Capture_d_ecran_2024-02-05_a_16.47.34-removebg-preview-1.png\",\"width\":240,\"height\":240,\"caption\":\"Hilios Capital\"},\"image\":{\"@id\":\"https:\\\/\\\/hilios-capital.com\\\/#\\\/schema\\\/logo\\\/image\\\/\"}}]}<\/script>\n<!-- \/ Yoast SEO plugin. -->","yoast_head_json":{"title":"Qui sommes nous ? - Hilios Capital","robots":{"index":"index","follow":"follow","max-snippet":"max-snippet:-1","max-image-preview":"max-image-preview:large","max-video-preview":"max-video-preview:-1"},"canonical":"https:\/\/hilios-capital.com\/index.php\/qui-sommes-nous\/","og_locale":"fr_FR","og_type":"article","og_title":"Qui sommes nous ? - Hilios Capital","og_description":"Bas\u00e9e \u00e0 Dublin, Hilios Capital se distingue par son expertise sp\u00e9cialis\u00e9e au service des entreprises en qu\u00eate d&rsquo;impact investing \u00e0 l&rsquo;\u00e9chelle internationale. Nous sommes fiers d&rsquo;offrir \u00e0 nos clients des services personnalis\u00e9s et professionnels, soutenus par notre vaste r\u00e9seau \u00e9prouv\u00e9 et notre processus rigoureux de s\u00e9lection des partenariats d&rsquo;affaires. Notre engagement prioritaire r\u00e9side dans la [&hellip;]","og_url":"https:\/\/hilios-capital.com\/index.php\/qui-sommes-nous\/","og_site_name":"Hilios Capital","article_modified_time":"2024-02-01T15:01:58+00:00","og_image":[{"width":2560,"height":2350,"url":"http:\/\/hilios-capital.com\/wp-content\/uploads\/2024\/02\/qui-sommes-nous-Hilios-scaled.jpg","type":"image\/jpeg"}],"twitter_card":"summary_large_image","twitter_misc":{"Dur\u00e9e de lecture estim\u00e9e":"2 minutes"},"schema":{"@context":"https:\/\/schema.org","@graph":[{"@type":"WebPage","@id":"https:\/\/hilios-capital.com\/index.php\/qui-sommes-nous\/","url":"https:\/\/hilios-capital.com\/index.php\/qui-sommes-nous\/","name":"Qui sommes nous ? - Hilios Capital","isPartOf":{"@id":"https:\/\/hilios-capital.com\/#website"},"primaryImageOfPage":{"@id":"https:\/\/hilios-capital.com\/index.php\/qui-sommes-nous\/#primaryimage"},"image":{"@id":"https:\/\/hilios-capital.com\/index.php\/qui-sommes-nous\/#primaryimage"},"thumbnailUrl":"https:\/\/hilios-capital.com\/wp-content\/uploads\/2024\/02\/qui-sommes-nous-Hilios-scaled.jpg","datePublished":"2024-02-01T14:00:39+00:00","dateModified":"2024-02-01T15:01:58+00:00","breadcrumb":{"@id":"https:\/\/hilios-capital.com\/index.php\/qui-sommes-nous\/#breadcrumb"},"inLanguage":"fr-FR","potentialAction":[{"@type":"ReadAction","target":["https:\/\/hilios-capital.com\/index.php\/qui-sommes-nous\/"]}]},{"@type":"ImageObject","inLanguage":"fr-FR","@id":"https:\/\/hilios-capital.com\/index.php\/qui-sommes-nous\/#primaryimage","url":"https:\/\/hilios-capital.com\/wp-content\/uploads\/2024\/02\/qui-sommes-nous-Hilios-scaled.jpg","contentUrl":"https:\/\/hilios-capital.com\/wp-content\/uploads\/2024\/02\/qui-sommes-nous-Hilios-scaled.jpg","width":2560,"height":2350},{"@type":"BreadcrumbList","@id":"https:\/\/hilios-capital.com\/index.php\/qui-sommes-nous\/#breadcrumb","itemListElement":[{"@type":"ListItem","position":1,"name":"Accueil","item":"https:\/\/hilios-capital.com\/"},{"@type":"ListItem","position":2,"name":"Qui sommes nous ?"}]},{"@type":"WebSite","@id":"https:\/\/hilios-capital.com\/#website","url":"https:\/\/hilios-capital.com\/","name":"Hilios Capital","description":"We help you because no one else will","publisher":{"@id":"https:\/\/hilios-capital.com\/#organization"},"potentialAction":[{"@type":"SearchAction","target":{"@type":"EntryPoint","urlTemplate":"https:\/\/hilios-capital.com\/?s={search_term_string}"},"query-input":{"@type":"PropertyValueSpecification","valueRequired":true,"valueName":"search_term_string"}}],"inLanguage":"fr-FR"},{"@type":"Organization","@id":"https:\/\/hilios-capital.com\/#organization","name":"Hilios Capital","url":"https:\/\/hilios-capital.com\/","logo":{"@type":"ImageObject","inLanguage":"fr-FR","@id":"https:\/\/hilios-capital.com\/#\/schema\/logo\/image\/","url":"https:\/\/hilios-capital.com\/wp-content\/uploads\/2024\/02\/cropped-Capture_d_ecran_2024-02-05_a_16.47.34-removebg-preview-1.png","contentUrl":"https:\/\/hilios-capital.com\/wp-content\/uploads\/2024\/02\/cropped-Capture_d_ecran_2024-02-05_a_16.47.34-removebg-preview-1.png","width":240,"height":240,"caption":"Hilios Capital"},"image":{"@id":"https:\/\/hilios-capital.com\/#\/schema\/logo\/image\/"}}]}},"_links":{"self":[{"href":"https:\/\/hilios-capital.com\/index.php\/wp-json\/wp\/v2\/pages\/67","targetHints":{"allow":["GET"]}}],"collection":[{"href":"https:\/\/hilios-capital.com\/index.php\/wp-json\/wp\/v2\/pages"}],"about":[{"href":"https:\/\/hilios-capital.com\/index.php\/wp-json\/wp\/v2\/types\/page"}],"author":[{"embeddable":true,"href":"https:\/\/hilios-capital.com\/index.php\/wp-json\/wp\/v2\/users\/1"}],"replies":[{"embeddable":true,"href":"https:\/\/hilios-capital.com\/index.php\/wp-json\/wp\/v2\/comments?post=67"}],"version-history":[{"count":1,"href":"https:\/\/hilios-capital.com\/index.php\/wp-json\/wp\/v2\/pages\/67\/revisions"}],"predecessor-version":[{"id":69,"href":"https:\/\/hilios-capital.com\/index.php\/wp-json\/wp\/v2\/pages\/67\/revisions\/69"}],"wp:featuredmedia":[{"embeddable":true,"href":"https:\/\/hilios-capital.com\/index.php\/wp-json\/wp\/v2\/media\/103"}],"wp:attachment":[{"href":"https:\/\/hilios-capital.com\/index.php\/wp-json\/wp\/v2\/media?parent=67"}],"curies":[{"name":"wp","href":"https:\/\/api.w.org\/{rel}","templated":true}]}}